{"id":135,"date":"2017-04-04T19:02:21","date_gmt":"2017-04-04T17:02:21","guid":{"rendered":"https:\/\/osiedlowe-skrzaty.pl\/?page_id=135"},"modified":"2026-02-22T22:56:44","modified_gmt":"2026-02-22T21:56:44","slug":"poziomkowe-skrzaty","status":"publish","type":"page","link":"https:\/\/osiedlowe-skrzaty.pl\/index.php\/grupy\/poziomkowe-skrzaty\/","title":{"rendered":"Poziomkowe Skrzaty"},"content":{"rendered":"<p>[et_pb_section fb_built=&#8221;1&#8243; admin_label=&#8221;section&#8221; _builder_version=&#8221;4.16&#8243; background_image=&#8221;https:\/\/osiedlowe-skrzaty.pl\/wp-content\/uploads\/2017\/04\/galeria-t\u0142o-konw-1.jpg&#8221; transparent_background=&#8221;off&#8221; make_fullwidth=&#8221;off&#8221; use_custom_width=&#8221;off&#8221; width_unit=&#8221;on&#8221; global_colors_info=&#8221;{}&#8221;][et_pb_row admin_label=&#8221;row&#8221; _builder_version=&#8221;4.16&#8243; background_size=&#8221;initial&#8221; background_position=&#8221;top_left&#8221; background_repeat=&#8221;repeat&#8221; global_colors_info=&#8221;{}&#8221; column_structure=&#8221;1_2,1_2&#8243;][et_pb_column type=&#8221;1_2&#8243; _builder_version=&#8221;4.16&#8243; custom_padding=&#8221;|||&#8221; global_colors_info=&#8221;{}&#8221; custom_padding__hover=&#8221;|||&#8221;][et_pb_image src=&#8221;https:\/\/osiedlowe-skrzaty.pl\/wp-content\/uploads\/2017\/04\/Poziomkowe-Skrzaty.png&#8221; align_tablet=&#8221;center&#8221; align_last_edited=&#8221;on|desktop&#8221; admin_label=&#8221;Obraz&#8221; _builder_version=&#8221;4.16&#8243; animation_style=&#8221;slide&#8221; animation_direction=&#8221;left&#8221; animation_duration=&#8221;500ms&#8221; animation_intensity_slide=&#8221;10%&#8221; animation=&#8221;left&#8221; sticky=&#8221;off&#8221; use_border_color=&#8221;off&#8221; border_color=&#8221;#ffffff&#8221; border_style=&#8221;solid&#8221; always_center_on_mobile=&#8221;on&#8221; global_colors_info=&#8221;{}&#8221; align_phone=&#8221;center&#8221;][\/et_pb_image][\/et_pb_column][et_pb_column type=&#8221;1_2&#8243; _builder_version=&#8221;4.16&#8243; custom_padding=&#8221;|||&#8221; global_colors_info=&#8221;{}&#8221; custom_padding__hover=&#8221;|||&#8221;][et_pb_text admin_label=&#8221;Tekst&#8221; _builder_version=&#8221;4.21.0&#8243; background_size=&#8221;initial&#8221; background_position=&#8221;top_left&#8221; background_repeat=&#8221;repeat&#8221; hover_enabled=&#8221;0&#8243; use_border_color=&#8221;off&#8221; border_color=&#8221;#ffffff&#8221; border_style=&#8221;solid&#8221; global_colors_info=&#8221;{}&#8221; sticky_enabled=&#8221;0&#8243;]<\/p>\n<div class=\"Y3BBE\" data-sfc-cp=\"\" data-hveid=\"CAIQAA\" data-complete=\"true\" data-processed=\"true\">W sali, gdzie s\u0142o\u0144ce przez okna migocze,<br data-serialized-params=\"[]\" data-complete=\"true\" data-processed=\"true\" \/><strong class=\"Yjhzub\" data-complete=\"true\" data-processed=\"true\">Poziomkowe Skrzaty<\/strong> maj\u0105 swe zbocze!<br data-serialized-params=\"[]\" data-complete=\"true\" data-processed=\"true\" \/>Cho\u0107 maj\u0105 sze\u015b\u0107 lat i rosn\u0105 jak rydze,<br data-serialized-params=\"[]\" data-complete=\"true\" data-processed=\"true\" \/>Dzielniejszych zuch\u00f3w nigdzie nie widz\u0119.<\/div>\n<div class=\"Y3BBE\" data-sfc-cp=\"\" data-hveid=\"CAMQAA\" data-complete=\"true\" data-processed=\"true\">\u00a0<\/div>\n<div class=\"Y3BBE\" data-sfc-cp=\"\" data-hveid=\"CAQQAA\" data-complete=\"true\" data-processed=\"true\" aria-owns=\"action-menu-parent-container\">Zawsze pomocne, zgrane i mi\u0142e,<br data-serialized-params=\"[]\" data-complete=\"true\" data-processed=\"true\" \/>W zbieraniu poziomek maj\u0105 sw\u0105 si\u0142\u0119.<br data-serialized-params=\"[]\" data-complete=\"true\" data-processed=\"true\" \/>To grupa najlepsza, ka\u017cdy to wie,<br data-serialized-params=\"[]\" data-complete=\"true\" data-processed=\"true\" \/>W <strong class=\"Yjhzub\" data-complete=\"true\" data-processed=\"true\">Poziomkowych Skrzatach dzieci<\/strong> wspaniale bawi\u0105 si\u0119 !<\/div>\n<p>&nbsp;<\/p>\n<p>&nbsp;<\/p>\n<p>&nbsp;<\/p>\n<p>[\/et_pb_text][\/et_pb_column][\/et_pb_row][\/et_pb_section]<\/p>\n","protected":false},"excerpt":{"rendered":"<p>W sali, gdzie s\u0142o\u0144ce przez okna migocze,Poziomkowe Skrzaty maj\u0105 swe zbocze!Cho\u0107 maj\u0105 sze\u015b\u0107 lat i rosn\u0105 jak rydze,Dzielniejszych zuch\u00f3w nigdzie nie widz\u0119. \u00a0 Zawsze pomocne, zgrane i mi\u0142e,W zbieraniu poziomek maj\u0105 sw\u0105 si\u0142\u0119.To grupa najlepsza, ka\u017cdy to wie,W Poziomkowych Skrzatach dzieci wspaniale bawi\u0105 si\u0119 ! &nbsp; &nbsp; &nbsp;<\/p>\n","protected":false},"author":2,"featured_media":0,"parent":123,"menu_order":0,"comment_status":"closed","ping_status":"closed","template":"","meta":{"_et_pb_use_builder":"on","_et_pb_old_content":"","_et_gb_content_width":""},"_links":{"self":[{"href":"https:\/\/osiedlowe-skrzaty.pl\/index.php\/wp-json\/wp\/v2\/pages\/135"}],"collection":[{"href":"https:\/\/osiedlowe-skrzaty.pl\/index.php\/wp-json\/wp\/v2\/pages"}],"about":[{"href":"https:\/\/osiedlowe-skrzaty.pl\/index.php\/wp-json\/wp\/v2\/types\/page"}],"author":[{"embeddable":true,"href":"https:\/\/osiedlowe-skrzaty.pl\/index.php\/wp-json\/wp\/v2\/users\/2"}],"replies":[{"embeddable":true,"href":"https:\/\/osiedlowe-skrzaty.pl\/index.php\/wp-json\/wp\/v2\/comments?post=135"}],"version-history":[{"count":13,"href":"https:\/\/osiedlowe-skrzaty.pl\/index.php\/wp-json\/wp\/v2\/pages\/135\/revisions"}],"predecessor-version":[{"id":13325,"href":"https:\/\/osiedlowe-skrzaty.pl\/index.php\/wp-json\/wp\/v2\/pages\/135\/revisions\/13325"}],"up":[{"embeddable":true,"href":"https:\/\/osiedlowe-skrzaty.pl\/index.php\/wp-json\/wp\/v2\/pages\/123"}],"wp:attachment":[{"href":"https:\/\/osiedlowe-skrzaty.pl\/index.php\/wp-json\/wp\/v2\/media?parent=135"}],"curies":[{"name":"wp","href":"https:\/\/api.w.org\/{rel}","templated":true}]}}