{"id":133,"date":"2017-04-04T19:02:03","date_gmt":"2017-04-04T17:02:03","guid":{"rendered":"https:\/\/osiedlowe-skrzaty.pl\/?page_id=133"},"modified":"2026-02-22T22:51:07","modified_gmt":"2026-02-22T21:51:07","slug":"jagodowe-skrzaty","status":"publish","type":"page","link":"https:\/\/osiedlowe-skrzaty.pl\/index.php\/grupy\/jagodowe-skrzaty\/","title":{"rendered":"Jagodowe Skrzaty"},"content":{"rendered":"<p>[et_pb_section fb_built=&#8221;1&#8243; admin_label=&#8221;section&#8221; _builder_version=&#8221;4.16&#8243; background_image=&#8221;https:\/\/osiedlowe-skrzaty.pl\/wp-content\/uploads\/2017\/04\/galeria-t\u0142o-konw-1.jpg&#8221; transparent_background=&#8221;off&#8221; make_fullwidth=&#8221;off&#8221; use_custom_width=&#8221;off&#8221; width_unit=&#8221;off&#8221; global_colors_info=&#8221;{}&#8221;][et_pb_row column_structure=&#8221;1_2,1_2&#8243; admin_label=&#8221;row&#8221; module_class=&#8221; et_pb_row_fullwidth&#8221; _builder_version=&#8221;4.16&#8243; background_size=&#8221;initial&#8221; background_position=&#8221;top_left&#8221; background_repeat=&#8221;repeat&#8221; width=&#8221;89%&#8221; width_tablet=&#8221;80%&#8221; width_phone=&#8221;80%&#8221; width_last_edited=&#8221;on|desktop&#8221; max_width=&#8221;89%&#8221; max_width_tablet=&#8221;80%&#8221; max_width_phone=&#8221;80%&#8221; max_width_last_edited=&#8221;on|desktop&#8221; make_fullwidth=&#8221;on&#8221; use_custom_width=&#8221;off&#8221; width_unit=&#8221;on&#8221; global_colors_info=&#8221;{}&#8221;][et_pb_column type=&#8221;1_2&#8243; _builder_version=&#8221;4.16&#8243; custom_padding=&#8221;|||&#8221; global_colors_info=&#8221;{}&#8221; custom_padding__hover=&#8221;|||&#8221;][et_pb_image src=&#8221;https:\/\/osiedlowe-skrzaty.pl\/wp-content\/uploads\/2017\/04\/Jagodowe-Skrzaty.png&#8221; alt=&#8221;Galeria&#8221; title_text=&#8221;Galeria&#8221; url=&#8221;https:\/\/osiedlowe-skrzaty.pl\/index.php\/galeria\/jagodowe-skrzaty\/&#8221; use_overlay=&#8221;on&#8221; hover_icon=&#8221;&#xe006;||divi||400&#8243; align_tablet=&#8221;center&#8221; align_phone=&#8221;center&#8221; align_last_edited=&#8221;on|desktop&#8221; admin_label=&#8221;Obraz&#8221; _builder_version=&#8221;4.16&#8243; animation_style=&#8221;fade&#8221; animation_duration=&#8221;500ms&#8221; animation=&#8221;fade_in&#8221; sticky=&#8221;off&#8221; use_border_color=&#8221;off&#8221; border_color=&#8221;#ffffff&#8221; border_width=&#8221;1px&#8221; border_style=&#8221;solid&#8221; always_center_on_mobile=&#8221;on&#8221; global_colors_info=&#8221;{}&#8221;][\/et_pb_image][\/et_pb_column][et_pb_column type=&#8221;1_2&#8243; _builder_version=&#8221;4.16&#8243; custom_padding=&#8221;|||&#8221; global_colors_info=&#8221;{}&#8221; custom_padding__hover=&#8221;|||&#8221;][et_pb_text admin_label=&#8221;Tekst&#8221; _builder_version=&#8221;4.21.0&#8243; background_size=&#8221;initial&#8221; background_position=&#8221;top_left&#8221; background_repeat=&#8221;repeat&#8221; hover_enabled=&#8221;0&#8243; use_border_color=&#8221;off&#8221; border_color=&#8221;#ffffff&#8221; border_style=&#8221;solid&#8221; global_colors_info=&#8221;{}&#8221; sticky_enabled=&#8221;0&#8243;]<\/p>\n<div class=\"Y3BBE\" data-sfc-cp=\"\" data-hveid=\"CAQQAA\" data-complete=\"true\" data-processed=\"true\">My jeste\u015bmy Skrzaty ma\u0142e,<br data-serialized-params=\"[]\" data-complete=\"true\" data-processed=\"true\" \/>Jagodowy kolor mamy!<br data-serialized-params=\"[]\" data-complete=\"true\" data-processed=\"true\" \/>Buzie zawsze roze\u015bmiane,<br data-serialized-params=\"[]\" data-complete=\"true\" data-processed=\"true\" \/>Wszystkich mocno pozdrawiamy.<\/div>\n<div class=\"Y3BBE\" data-sfc-cp=\"\" data-hveid=\"CAUQAA\" data-complete=\"true\" data-processed=\"true\">\u00a0<\/div>\n<div class=\"Y3BBE\" data-sfc-cp=\"\" data-hveid=\"CAYQAA\" data-complete=\"true\" data-processed=\"true\" aria-owns=\"action-menu-parent-container\">W jagodowym naszym gronie,<br data-serialized-params=\"[]\" data-complete=\"true\" data-processed=\"true\" \/>Ka\u017cdy\u00a0 d\u0142o\u0144 pomocn\u0105 poda,<br data-serialized-params=\"[]\" data-complete=\"true\" data-processed=\"true\" \/>Bo w tej grupie, w\u015br\u00f3d Skrzaci\u0105tek,<br data-serialized-params=\"[]\" data-complete=\"true\" data-processed=\"true\" \/>Zawsze go\u015bci m\u0105dro\u015b\u0107 i zgoda!<\/div>\n<p>[\/et_pb_text][\/et_pb_column][\/et_pb_row][\/et_pb_section]<\/p>\n","protected":false},"excerpt":{"rendered":"<p>My jeste\u015bmy Skrzaty ma\u0142e,Jagodowy kolor mamy!Buzie zawsze roze\u015bmiane,Wszystkich mocno pozdrawiamy. \u00a0 W jagodowym naszym gronie,Ka\u017cdy\u00a0 d\u0142o\u0144 pomocn\u0105 poda,Bo w tej grupie, w\u015br\u00f3d Skrzaci\u0105tek,Zawsze go\u015bci m\u0105dro\u015b\u0107 i zgoda!<\/p>\n","protected":false},"author":2,"featured_media":0,"parent":123,"menu_order":0,"comment_status":"closed","ping_status":"closed","template":"","meta":{"_et_pb_use_builder":"on","_et_pb_old_content":"","_et_gb_content_width":""},"_links":{"self":[{"href":"https:\/\/osiedlowe-skrzaty.pl\/index.php\/wp-json\/wp\/v2\/pages\/133"}],"collection":[{"href":"https:\/\/osiedlowe-skrzaty.pl\/index.php\/wp-json\/wp\/v2\/pages"}],"about":[{"href":"https:\/\/osiedlowe-skrzaty.pl\/index.php\/wp-json\/wp\/v2\/types\/page"}],"author":[{"embeddable":true,"href":"https:\/\/osiedlowe-skrzaty.pl\/index.php\/wp-json\/wp\/v2\/users\/2"}],"replies":[{"embeddable":true,"href":"https:\/\/osiedlowe-skrzaty.pl\/index.php\/wp-json\/wp\/v2\/comments?post=133"}],"version-history":[{"count":23,"href":"https:\/\/osiedlowe-skrzaty.pl\/index.php\/wp-json\/wp\/v2\/pages\/133\/revisions"}],"predecessor-version":[{"id":13319,"href":"https:\/\/osiedlowe-skrzaty.pl\/index.php\/wp-json\/wp\/v2\/pages\/133\/revisions\/13319"}],"up":[{"embeddable":true,"href":"https:\/\/osiedlowe-skrzaty.pl\/index.php\/wp-json\/wp\/v2\/pages\/123"}],"wp:attachment":[{"href":"https:\/\/osiedlowe-skrzaty.pl\/index.php\/wp-json\/wp\/v2\/media?parent=133"}],"curies":[{"name":"wp","href":"https:\/\/api.w.org\/{rel}","templated":true}]}}