{"id":129,"date":"2017-04-04T19:01:24","date_gmt":"2017-04-04T17:01:24","guid":{"rendered":"https:\/\/osiedlowe-skrzaty.pl\/?page_id=129"},"modified":"2026-02-22T23:00:57","modified_gmt":"2026-02-22T22:00:57","slug":"sloneczne-skrzaty","status":"publish","type":"page","link":"https:\/\/osiedlowe-skrzaty.pl\/index.php\/grupy\/sloneczne-skrzaty\/","title":{"rendered":"S\u0142oneczne Skrzaty"},"content":{"rendered":"<p>[et_pb_section fb_built=&#8221;1&#8243; admin_label=&#8221;section&#8221; _builder_version=&#8221;4.16&#8243; background_image=&#8221;https:\/\/osiedlowe-skrzaty.pl\/wp-content\/uploads\/2017\/04\/galeria-t\u0142o-konw-1.jpg&#8221; transparent_background=&#8221;off&#8221; make_fullwidth=&#8221;off&#8221; use_custom_width=&#8221;off&#8221; width_unit=&#8221;off&#8221; global_colors_info=&#8221;{}&#8221;][et_pb_row column_structure=&#8221;1_2,1_2&#8243; admin_label=&#8221;row&#8221; module_class=&#8221; et_pb_row_fullwidth&#8221; _builder_version=&#8221;4.16&#8243; background_size=&#8221;initial&#8221; background_position=&#8221;top_left&#8221; background_repeat=&#8221;repeat&#8221; width=&#8221;89%&#8221; width_tablet=&#8221;80%&#8221; width_phone=&#8221;80%&#8221; width_last_edited=&#8221;on|desktop&#8221; max_width=&#8221;89%&#8221; max_width_tablet=&#8221;80%&#8221; max_width_phone=&#8221;80%&#8221; max_width_last_edited=&#8221;on|desktop&#8221; make_fullwidth=&#8221;on&#8221; use_custom_width=&#8221;off&#8221; width_unit=&#8221;on&#8221; custom_width_px=&#8221;1080px&#8221; custom_width_percent=&#8221;80%&#8221; global_colors_info=&#8221;{}&#8221;][et_pb_column type=&#8221;1_2&#8243; _builder_version=&#8221;4.16&#8243; custom_padding=&#8221;|||&#8221; global_colors_info=&#8221;{}&#8221; custom_padding__hover=&#8221;|||&#8221;][et_pb_image src=&#8221;https:\/\/osiedlowe-skrzaty.pl\/wp-content\/uploads\/2017\/04\/S\u0142oneczne-Skrzaty.png&#8221; alt=&#8221;Galeria&#8221; title_text=&#8221;Galeria&#8221; url=&#8221;https:\/\/osiedlowe-skrzaty.pl\/index.php\/galeria\/sloneczne-skrzaty\/&#8221; use_overlay=&#8221;on&#8221; hover_icon=&#8221;&#xe006;||divi||400&#8243; align_tablet=&#8221;center&#8221; align_phone=&#8221;center&#8221; align_last_edited=&#8221;on|desktop&#8221; admin_label=&#8221;Obraz&#8221; _builder_version=&#8221;4.16&#8243; animation_style=&#8221;fade&#8221; animation_duration=&#8221;500ms&#8221; animation=&#8221;fade_in&#8221; sticky=&#8221;off&#8221; use_border_color=&#8221;off&#8221; border_color=&#8221;#ffffff&#8221; border_width=&#8221;1px&#8221; border_style=&#8221;solid&#8221; always_center_on_mobile=&#8221;on&#8221; global_colors_info=&#8221;{}&#8221;][\/et_pb_image][\/et_pb_column][et_pb_column type=&#8221;1_2&#8243; _builder_version=&#8221;4.16&#8243; custom_padding=&#8221;|||&#8221; global_colors_info=&#8221;{}&#8221; custom_padding__hover=&#8221;|||&#8221;][et_pb_text admin_label=&#8221;Tekst&#8221; _builder_version=&#8221;4.21.0&#8243; background_size=&#8221;initial&#8221; background_position=&#8221;top_left&#8221; background_repeat=&#8221;repeat&#8221; hover_enabled=&#8221;0&#8243; use_border_color=&#8221;off&#8221; border_color=&#8221;#ffffff&#8221; border_style=&#8221;solid&#8221; global_colors_info=&#8221;{}&#8221; sticky_enabled=&#8221;0&#8243;]<\/p>\n<div class=\"Y3BBE\" data-sfc-cp=\"\" data-hveid=\"CAEIAhAA\" data-complete=\"true\" data-processed=\"true\">Gdy tylko s\u0142o\u0144ce na niebie za\u015bwieci,<br data-serialized-params=\"[]\" data-complete=\"true\" data-processed=\"true\" \/>do sali biegn\u0105 radosne dzieci.<br data-serialized-params=\"[]\" data-complete=\"true\" data-processed=\"true\" \/>To <strong class=\"Yjhzub\" data-complete=\"true\" data-processed=\"true\">S\u0142oneczne Skrzaty<\/strong>, grupa kochana,<br data-serialized-params=\"[]\" data-complete=\"true\" data-processed=\"true\" \/>ma buzie roze\u015bmiane\u00a0 ju\u017c od samego rana!<\/div>\n<div data-sfc-cp=\"\" data-hveid=\"CAEIAhAA\" data-complete=\"true\" data-processed=\"true\">\u00a0<\/div>\n<div class=\"Y3BBE\" data-sfc-cp=\"\" data-hveid=\"CAEIAxAA\" data-complete=\"true\" data-processed=\"true\">Z\u0142ote promyki maj\u0105 w swych d\u0142oniach,<br data-serialized-params=\"[]\" data-complete=\"true\" data-processed=\"true\" \/>p\u0119dz\u0105 do przedszkola w galopie, jak na koniach.<\/div>\n<div class=\"Y3BBE\" data-sfc-cp=\"\" data-hveid=\"CAEIAxAA\" data-complete=\"true\" data-processed=\"true\"><br data-serialized-params=\"[]\" data-complete=\"true\" data-processed=\"true\" \/>Gdzie si\u0119 pojawi\u0105, tam mrok ucieka,<br data-serialized-params=\"[]\" data-complete=\"true\" data-processed=\"true\" \/>u\u015bmiech Skrzata na ka\u017cdego czeka.<\/div>\n<div class=\"Y3BBE\" data-sfc-cp=\"\" data-hveid=\"CAEIBBAA\" data-complete=\"true\" data-processed=\"true\" aria-owns=\"action-menu-parent-container\">Cho\u0107 s\u0105 malutkie, serca maj\u0105 wielkie,<br data-serialized-params=\"[]\" data-complete=\"true\" data-processed=\"true\" \/>znaj\u0105 piosenki i gry wszelkie.<br data-serialized-params=\"[]\" data-complete=\"true\" data-processed=\"true\" \/>W blasku zabawy dzie\u0144 im mija,<br data-serialized-params=\"[]\" data-complete=\"true\" data-processed=\"true\" \/>bo ta gromadka to jedna rodzina!<\/div>\n<p>&nbsp;<\/p>\n<p>&nbsp;<\/p>\n<p>&nbsp;<\/p>\n<p>&nbsp;<\/p>\n<p>&nbsp;<\/p>\n<p>[\/et_pb_text][\/et_pb_column][\/et_pb_row][\/et_pb_section]<\/p>\n","protected":false},"excerpt":{"rendered":"<p>Gdy tylko s\u0142o\u0144ce na niebie za\u015bwieci,do sali biegn\u0105 radosne dzieci.To S\u0142oneczne Skrzaty, grupa kochana,ma buzie roze\u015bmiane\u00a0 ju\u017c od samego rana! \u00a0 Z\u0142ote promyki maj\u0105 w swych d\u0142oniach,p\u0119dz\u0105 do przedszkola w galopie, jak na koniach. Gdzie si\u0119 pojawi\u0105, tam mrok ucieka,u\u015bmiech Skrzata na ka\u017cdego czeka. Cho\u0107 s\u0105 malutkie, serca maj\u0105 wielkie,znaj\u0105 piosenki i gry wszelkie.W blasku [&hellip;]<\/p>\n","protected":false},"author":2,"featured_media":0,"parent":123,"menu_order":0,"comment_status":"closed","ping_status":"closed","template":"","meta":{"_et_pb_use_builder":"on","_et_pb_old_content":"","_et_gb_content_width":""},"_links":{"self":[{"href":"https:\/\/osiedlowe-skrzaty.pl\/index.php\/wp-json\/wp\/v2\/pages\/129"}],"collection":[{"href":"https:\/\/osiedlowe-skrzaty.pl\/index.php\/wp-json\/wp\/v2\/pages"}],"about":[{"href":"https:\/\/osiedlowe-skrzaty.pl\/index.php\/wp-json\/wp\/v2\/types\/page"}],"author":[{"embeddable":true,"href":"https:\/\/osiedlowe-skrzaty.pl\/index.php\/wp-json\/wp\/v2\/users\/2"}],"replies":[{"embeddable":true,"href":"https:\/\/osiedlowe-skrzaty.pl\/index.php\/wp-json\/wp\/v2\/comments?post=129"}],"version-history":[{"count":14,"href":"https:\/\/osiedlowe-skrzaty.pl\/index.php\/wp-json\/wp\/v2\/pages\/129\/revisions"}],"predecessor-version":[{"id":13330,"href":"https:\/\/osiedlowe-skrzaty.pl\/index.php\/wp-json\/wp\/v2\/pages\/129\/revisions\/13330"}],"up":[{"embeddable":true,"href":"https:\/\/osiedlowe-skrzaty.pl\/index.php\/wp-json\/wp\/v2\/pages\/123"}],"wp:attachment":[{"href":"https:\/\/osiedlowe-skrzaty.pl\/index.php\/wp-json\/wp\/v2\/media?parent=129"}],"curies":[{"name":"wp","href":"https:\/\/api.w.org\/{rel}","templated":true}]}}