{"id":127,"date":"2017-04-04T19:00:59","date_gmt":"2017-04-04T17:00:59","guid":{"rendered":"https:\/\/osiedlowe-skrzaty.pl\/?page_id=127"},"modified":"2026-02-22T23:11:06","modified_gmt":"2026-02-22T22:11:06","slug":"wesole-skrzaty","status":"publish","type":"page","link":"https:\/\/osiedlowe-skrzaty.pl\/index.php\/grupy\/wesole-skrzaty\/","title":{"rendered":"Weso\u0142e Skrzaty"},"content":{"rendered":"<p>[et_pb_section fb_built=&#8221;1&#8243; admin_label=&#8221;section&#8221; _builder_version=&#8221;4.16&#8243; background_image=&#8221;https:\/\/osiedlowe-skrzaty.pl\/wp-content\/uploads\/2017\/04\/galeria-t\u0142o-konw-1.jpg&#8221; transparent_background=&#8221;off&#8221; make_fullwidth=&#8221;off&#8221; use_custom_width=&#8221;off&#8221; width_unit=&#8221;off&#8221; global_colors_info=&#8221;{}&#8221;][et_pb_row column_structure=&#8221;1_2,1_2&#8243; admin_label=&#8221;row&#8221; module_class=&#8221; et_pb_row_fullwidth&#8221; _builder_version=&#8221;4.16&#8243; background_size=&#8221;initial&#8221; background_position=&#8221;top_left&#8221; background_repeat=&#8221;repeat&#8221; width=&#8221;89%&#8221; width_tablet=&#8221;80%&#8221; width_phone=&#8221;80%&#8221; width_last_edited=&#8221;on|desktop&#8221; max_width=&#8221;89%&#8221; max_width_tablet=&#8221;80%&#8221; max_width_phone=&#8221;80%&#8221; max_width_last_edited=&#8221;on|desktop&#8221; make_fullwidth=&#8221;on&#8221; use_custom_width=&#8221;off&#8221; width_unit=&#8221;on&#8221; custom_width_px=&#8221;1080px&#8221; custom_width_percent=&#8221;80%&#8221; global_colors_info=&#8221;{}&#8221;][et_pb_column type=&#8221;1_2&#8243; _builder_version=&#8221;4.16&#8243; custom_padding=&#8221;|||&#8221; global_colors_info=&#8221;{}&#8221; custom_padding__hover=&#8221;|||&#8221;][et_pb_image src=&#8221;https:\/\/osiedlowe-skrzaty.pl\/wp-content\/uploads\/2017\/04\/Weso\u0142e-Skrzaty.png&#8221; url=&#8221;https:\/\/osiedlowe-skrzaty.pl\/index.php\/galeria\/wesole-skrzaty\/&#8221; use_overlay=&#8221;on&#8221; hover_icon=&#8221;&#xe006;||divi||400&#8243; align_tablet=&#8221;center&#8221; align_phone=&#8221;center&#8221; align_last_edited=&#8221;on|desktop&#8221; admin_label=&#8221;Obraz&#8221; _builder_version=&#8221;4.16&#8243; animation_style=&#8221;fade&#8221; animation_duration=&#8221;500ms&#8221; animation=&#8221;fade_in&#8221; sticky=&#8221;off&#8221; use_border_color=&#8221;off&#8221; border_color=&#8221;#ffffff&#8221; border_width=&#8221;1px&#8221; border_style=&#8221;solid&#8221; always_center_on_mobile=&#8221;on&#8221; global_colors_info=&#8221;{}&#8221;][\/et_pb_image][\/et_pb_column][et_pb_column type=&#8221;1_2&#8243; _builder_version=&#8221;4.16&#8243; custom_padding=&#8221;|||&#8221; global_colors_info=&#8221;{}&#8221; custom_padding__hover=&#8221;|||&#8221;][et_pb_text admin_label=&#8221;Tekst&#8221; _builder_version=&#8221;4.21.0&#8243; background_size=&#8221;initial&#8221; background_position=&#8221;top_left&#8221; background_repeat=&#8221;repeat&#8221; hover_enabled=&#8221;0&#8243; use_border_color=&#8221;off&#8221; border_color=&#8221;#ffffff&#8221; border_style=&#8221;solid&#8221; global_colors_info=&#8221;{}&#8221; sticky_enabled=&#8221;0&#8243;]<\/p>\n<div id=\"comp-ivql2z6c\" class=\"s52\" data-reactid=\".0.$SITE_ROOT.$desktop_siteRoot.$PAGES_CONTAINER.1.1.$SITE_PAGES.$d0syf.1.$comp-ivql2z6c\">\n<div class=\"Y3BBE\" data-sfc-cp=\"\" data-hveid=\"CAEIAhAA\" data-complete=\"true\" data-processed=\"true\">W naszym przedszkolu, w samym \u015brodku,<br data-serialized-params=\"[]\" data-complete=\"true\" data-processed=\"true\" \/>rado\u015b\u0107 kipi w ka\u017cdym k\u0105tku.<br data-serialized-params=\"[]\" data-complete=\"true\" data-processed=\"true\" \/>Bo <strong class=\"Yjhzub\" data-complete=\"true\" data-processed=\"true\">Weso\u0142e Skrzaty<\/strong> tutaj sw\u0105 sal\u0119 maj\u0105<br \/>i wszystkim o tym przypominaj\u0105 !<br data-serialized-params=\"[]\" data-complete=\"true\" data-processed=\"true\" \/><\/div>\n<div class=\"Y3BBE\" data-sfc-cp=\"\" data-hveid=\"CAEIAxAA\" data-complete=\"true\" data-processed=\"true\">Nie s\u0105 to smyki, co tylko psoc\u0105,<br data-serialized-params=\"[]\" data-complete=\"true\" data-processed=\"true\" \/>lecz m\u0105dre Skrzaty, co z pomoc\u0105 si\u0119 nosz\u0105.<\/div>\n<div class=\"Y3BBE\" data-sfc-cp=\"\" data-hveid=\"CAEIAxAA\" data-complete=\"true\" data-processed=\"true\"><br data-serialized-params=\"[]\" data-complete=\"true\" data-processed=\"true\" \/>Pi\u0119\u0107 lat to wiek ju\u017c ca\u0142kiem powa\u017cny,<br data-serialized-params=\"[]\" data-complete=\"true\" data-processed=\"true\" \/>ka\u017cdy nasz Skrzat jest silny i odwa\u017cny.<\/div>\n<div class=\"Y3BBE\" data-sfc-cp=\"\" data-hveid=\"CAEIBRAA\" data-complete=\"true\" data-processed=\"true\" aria-owns=\"action-menu-parent-container\">\u015apiewaj\u0105 g\u0142o\u015bno, skacz\u0105 pod chmury,<br data-serialized-params=\"[]\" data-complete=\"true\" data-processed=\"true\" \/>zmiataj\u0105 z twarzy najwi\u0119ksze chmury.<br data-serialized-params=\"[]\" data-complete=\"true\" data-processed=\"true\" \/><strong class=\"Yjhzub\" data-complete=\"true\" data-processed=\"true\">Weso\u0142e Skrzaty<\/strong> \u2013 to\u00a0 przedszkolna\u00a0 dru\u017cyna,<br data-serialized-params=\"[]\" data-complete=\"true\" data-processed=\"true\" \/>z nimi si\u0119 ka\u017cda przygoda zaczyna!<\/div>\n<\/div>\n<p>[\/et_pb_text][\/et_pb_column][\/et_pb_row][\/et_pb_section]<\/p>\n","protected":false},"excerpt":{"rendered":"<p>W naszym przedszkolu, w samym \u015brodku,rado\u015b\u0107 kipi w ka\u017cdym k\u0105tku.Bo Weso\u0142e Skrzaty tutaj sw\u0105 sal\u0119 maj\u0105i wszystkim o tym przypominaj\u0105 ! Nie s\u0105 to smyki, co tylko psoc\u0105,lecz m\u0105dre Skrzaty, co z pomoc\u0105 si\u0119 nosz\u0105. Pi\u0119\u0107 lat to wiek ju\u017c ca\u0142kiem powa\u017cny,ka\u017cdy nasz Skrzat jest silny i odwa\u017cny. \u015apiewaj\u0105 g\u0142o\u015bno, skacz\u0105 pod chmury,zmiataj\u0105 z twarzy [&hellip;]<\/p>\n","protected":false},"author":2,"featured_media":0,"parent":123,"menu_order":0,"comment_status":"closed","ping_status":"closed","template":"","meta":{"_et_pb_use_builder":"on","_et_pb_old_content":"","_et_gb_content_width":""},"_links":{"self":[{"href":"https:\/\/osiedlowe-skrzaty.pl\/index.php\/wp-json\/wp\/v2\/pages\/127"}],"collection":[{"href":"https:\/\/osiedlowe-skrzaty.pl\/index.php\/wp-json\/wp\/v2\/pages"}],"about":[{"href":"https:\/\/osiedlowe-skrzaty.pl\/index.php\/wp-json\/wp\/v2\/types\/page"}],"author":[{"embeddable":true,"href":"https:\/\/osiedlowe-skrzaty.pl\/index.php\/wp-json\/wp\/v2\/users\/2"}],"replies":[{"embeddable":true,"href":"https:\/\/osiedlowe-skrzaty.pl\/index.php\/wp-json\/wp\/v2\/comments?post=127"}],"version-history":[{"count":15,"href":"https:\/\/osiedlowe-skrzaty.pl\/index.php\/wp-json\/wp\/v2\/pages\/127\/revisions"}],"predecessor-version":[{"id":13336,"href":"https:\/\/osiedlowe-skrzaty.pl\/index.php\/wp-json\/wp\/v2\/pages\/127\/revisions\/13336"}],"up":[{"embeddable":true,"href":"https:\/\/osiedlowe-skrzaty.pl\/index.php\/wp-json\/wp\/v2\/pages\/123"}],"wp:attachment":[{"href":"https:\/\/osiedlowe-skrzaty.pl\/index.php\/wp-json\/wp\/v2\/media?parent=127"}],"curies":[{"name":"wp","href":"https:\/\/api.w.org\/{rel}","templated":true}]}}